{"id":125,"date":"2022-08-03T14:48:46","date_gmt":"2022-08-03T12:48:46","guid":{"rendered":"http:\/\/psychologue-gradignan.com\/?page_id=125"},"modified":"2026-03-12T16:00:58","modified_gmt":"2026-03-12T15:00:58","slug":"pierre-suquet-psychologue-adolescents-et-adultes","status":"publish","type":"page","link":"https:\/\/psychologue-gradignan.com\/","title":{"rendered":""},"content":{"rendered":"<div class=\"wp-block-image\">\n<figure class=\"aligncenter size-large is-resized\"><img loading=\"lazy\" decoding=\"async\" width=\"1024\" height=\"721\" src=\"http:\/\/psychologue-gradignan.com\/wp-content\/uploads\/2022\/08\/1ok-1-1024x721.jpg\" alt=\"\" class=\"wp-image-146\" style=\"width:493px;height:347px\" srcset=\"https:\/\/psychologue-gradignan.com\/wp-content\/uploads\/2022\/08\/1ok-1-1024x721.jpg 1024w, https:\/\/psychologue-gradignan.com\/wp-content\/uploads\/2022\/08\/1ok-1-300x211.jpg 300w, https:\/\/psychologue-gradignan.com\/wp-content\/uploads\/2022\/08\/1ok-1-768x541.jpg 768w, https:\/\/psychologue-gradignan.com\/wp-content\/uploads\/2022\/08\/1ok-1-1536x1081.jpg 1536w, https:\/\/psychologue-gradignan.com\/wp-content\/uploads\/2022\/08\/1ok-1.jpg 1865w\" sizes=\"auto, (max-width: 1024px) 100vw, 1024px\" \/><\/figure>\n<\/div>\n\n\n<p class=\"has-text-align-left\">Psychologue <strong>\u00e0 Gradignan (deux adresses sur la commune), je re\u00e7ois les adolescents et les adultes <\/strong>en consultation individuelle pour des psychoth\u00e9rapies ICV ou de soutien. Apr\u00e8s l&rsquo;obtention de mon dipl\u00f4me en 2010, j&rsquo;ai exerc\u00e9 pendant 15 ans au centre hospitalier Charles Perrens. J&rsquo;ai notamment travaill\u00e9 au centre r\u00e9gional de psychotraumatisme aupr\u00e8s de victimes de violences sexuelles et conjugales, ainsi qu&rsquo;au centre p\u00e9nitentiaire de Bordeaux.<\/p>\n\n\n\n<p class=\"has-text-align-left\">J\u2019assure des prises en charge dont <strong>les objectifs sont d\u00e9finis avec vous<\/strong>. Je con\u00e7ois la psychoth\u00e9rapie comme un travail collaboratif entre le psychologue et le patient. Je place le dialogue au centre de la relation th\u00e9rapeutique, et je t\u00e2che de vous apporter toutes les explications n\u00e9cessaires \u00e0 la compr\u00e9hension de votre fonctionnement psychique.<\/p>\n\n\n\n<p class=\"has-text-align-left\">Ma vision de l\u2019intervention du psychologue est guid\u00e9e par une volont\u00e9 de <strong>promouvoir l\u2019autonomie de la personne.<\/strong><\/p>\n\n\n\n<p class=\"has-text-align-left\">Je prends en charge de <strong>nombreuses probl\u00e9matiques : d\u00e9pression, deuil, anxi\u00e9t\u00e9, addictions, psychotraumatisme, d\u00e9marche de d\u00e9veloppement personnel\u2026 <\/strong>Liste non exhaustive. Je suis form\u00e9 \u00e0 la psychoth\u00e9rapie ICV (int\u00e9gration du cycle de la vie) qui permet au syst\u00e8me nerveux d&rsquo;int\u00e9grer des \u00e9v\u00e9nements de vie douloureux.<\/p>\n\n\n\n<p class=\"has-text-align-left\">Je partage le cabinet du Prieur\u00e9 avec Mme Sophie ORIEROUX, psychologue.<\/p>\n\n\n\n<p class=\"has-text-align-left\">Je partage le cabinet Saint-Jacques avec Mme Nathalie DE CARLI, psychologue.<\/p>\n","protected":false},"excerpt":{"rendered":"<p>Psychologue \u00e0 Gradignan (deux adresses sur la commune), je re\u00e7ois les adolescents et les adultes en consultation individuelle pour des psychoth\u00e9rapies ICV ou de soutien. Apr\u00e8s l&rsquo;obtention de mon dipl\u00f4me en 2010, j&rsquo;ai exerc\u00e9 pendant 15 ans au centre hospitalier Charles Perrens. J&rsquo;ai notamment travaill\u00e9 au centre r\u00e9gional de psychotraumatisme aupr\u00e8s de victimes de violences &hellip; <a href=\"https:\/\/psychologue-gradignan.com\/\" class=\"more-link\">Continuer la lecture de <span class=\"screen-reader-text\"><\/span> <span class=\"meta-nav\">&rarr;<\/span><\/a><\/p>\n","protected":false},"author":1,"featured_media":0,"parent":0,"menu_order":0,"comment_status":"closed","ping_status":"closed","template":"","meta":{"footnotes":""},"class_list":["post-125","page","type-page","status-publish","hentry"],"_links":{"self":[{"href":"https:\/\/psychologue-gradignan.com\/index.php\/wp-json\/wp\/v2\/pages\/125","targetHints":{"allow":["GET"]}}],"collection":[{"href":"https:\/\/psychologue-gradignan.com\/index.php\/wp-json\/wp\/v2\/pages"}],"about":[{"href":"https:\/\/psychologue-gradignan.com\/index.php\/wp-json\/wp\/v2\/types\/page"}],"author":[{"embeddable":true,"href":"https:\/\/psychologue-gradignan.com\/index.php\/wp-json\/wp\/v2\/users\/1"}],"replies":[{"embeddable":true,"href":"https:\/\/psychologue-gradignan.com\/index.php\/wp-json\/wp\/v2\/comments?post=125"}],"version-history":[{"count":31,"href":"https:\/\/psychologue-gradignan.com\/index.php\/wp-json\/wp\/v2\/pages\/125\/revisions"}],"predecessor-version":[{"id":444,"href":"https:\/\/psychologue-gradignan.com\/index.php\/wp-json\/wp\/v2\/pages\/125\/revisions\/444"}],"wp:attachment":[{"href":"https:\/\/psychologue-gradignan.com\/index.php\/wp-json\/wp\/v2\/media?parent=125"}],"curies":[{"name":"wp","href":"https:\/\/api.w.org\/{rel}","templated":true}]}}