{"id":303,"date":"2023-05-16T15:39:42","date_gmt":"2023-05-16T13:39:42","guid":{"rendered":"http:\/\/psychologue-gradignan.com\/?page_id=303"},"modified":"2024-04-28T22:12:05","modified_gmt":"2024-04-28T20:12:05","slug":"contact-2","status":"publish","type":"page","link":"https:\/\/psychologue-gradignan.com\/index.php\/contact-2\/","title":{"rendered":"Contact"},"content":{"rendered":"\n<p><strong>T\u00e9l\u00e9phone<\/strong> : 06 59 55 36 09<\/p>\n\n\n\n<p><strong>Adresse du cabinet du Prieur\u00e9<\/strong> : 249 cours du G\u00e9n\u00e9ral de Gaulle, Gradignan.<\/p>\n\n\n\n<p><strong>Adresse du cabinet Saint-Jacques :<\/strong> r\u00e9sidence Saint-Jacques, 1 rue Saint-Fran\u00e7ois Xavier, b\u00e2timent F, appt 46. Gradignan.<\/p>\n\n\n\n<p><strong>Mail :<\/strong> <a href=\"mailto:psuquet.psychologue@gmail.com\">psuquet.psychologue@gmail.com<\/a><\/p>\n\n\n\n<p><strong>N\u00b0 ADELI<\/strong> : 339309890. Ce num\u00e9ro attribu\u00e9 par l\u2019agence r\u00e9gionale de sant\u00e9 certifie que je suis d\u00e9tenteur du dipl\u00f4me de psychologue.<\/p>\n","protected":false},"excerpt":{"rendered":"<p>T\u00e9l\u00e9phone : 06 59 55 36 09 Adresse du cabinet du Prieur\u00e9 : 249 cours du G\u00e9n\u00e9ral de Gaulle, Gradignan. Adresse du cabinet Saint-Jacques : r\u00e9sidence Saint-Jacques, 1 rue Saint-Fran\u00e7ois Xavier, b\u00e2timent F, appt 46. Gradignan. Mail : psuquet.psychologue@gmail.com N\u00b0 ADELI : 339309890. Ce num\u00e9ro attribu\u00e9 par l\u2019agence r\u00e9gionale de sant\u00e9 certifie que je suis &hellip; <a href=\"https:\/\/psychologue-gradignan.com\/index.php\/contact-2\/\" class=\"more-link\">Continuer la lecture de <span class=\"screen-reader-text\">Contact<\/span> <span class=\"meta-nav\">&rarr;<\/span><\/a><\/p>\n","protected":false},"author":1,"featured_media":0,"parent":0,"menu_order":0,"comment_status":"closed","ping_status":"closed","template":"","meta":{"footnotes":""},"class_list":["post-303","page","type-page","status-publish","hentry"],"_links":{"self":[{"href":"https:\/\/psychologue-gradignan.com\/index.php\/wp-json\/wp\/v2\/pages\/303","targetHints":{"allow":["GET"]}}],"collection":[{"href":"https:\/\/psychologue-gradignan.com\/index.php\/wp-json\/wp\/v2\/pages"}],"about":[{"href":"https:\/\/psychologue-gradignan.com\/index.php\/wp-json\/wp\/v2\/types\/page"}],"author":[{"embeddable":true,"href":"https:\/\/psychologue-gradignan.com\/index.php\/wp-json\/wp\/v2\/users\/1"}],"replies":[{"embeddable":true,"href":"https:\/\/psychologue-gradignan.com\/index.php\/wp-json\/wp\/v2\/comments?post=303"}],"version-history":[{"count":6,"href":"https:\/\/psychologue-gradignan.com\/index.php\/wp-json\/wp\/v2\/pages\/303\/revisions"}],"predecessor-version":[{"id":397,"href":"https:\/\/psychologue-gradignan.com\/index.php\/wp-json\/wp\/v2\/pages\/303\/revisions\/397"}],"wp:attachment":[{"href":"https:\/\/psychologue-gradignan.com\/index.php\/wp-json\/wp\/v2\/media?parent=303"}],"curies":[{"name":"wp","href":"https:\/\/api.w.org\/{rel}","templated":true}]}}